{"id":4300,"date":"2018-01-16T20:56:15","date_gmt":"2018-01-17T01:56:15","guid":{"rendered":"http:\/\/memoire.mile-end.qc.ca\/?page_id=4300"},"modified":"2024-06-01T15:05:25","modified_gmt":"2024-06-01T19:05:25","slug":"calendrier-2018","status":"publish","type":"page","link":"http:\/\/memoire.mile-end.qc.ca\/en\/calendrier-2\/calendrier-2018\/","title":{"rendered":"2018 Calendar"},"content":{"rendered":"<p><\/p>\n<h2>Upcoming Activities in 2018<\/h2>\n<p><em>Note<\/em>: the calendar is subject to change. Usually, activities will be confirmed by an article on this web site, in an email newsletter (<!--<a href=\"https:\/\/my.sendinblue.com\/users\/subscribe\/js_id\/2jgn0\/id\/1\">-->click here<!--<\/a>-->\u00a0to subscribe), and on\u00a0<a href=\"https:\/\/www.facebook.com\/memoire.mile.end\">Facebook<\/a>.<\/p>\n<hr \/>\n<h3>Talks at the\u00a0<a href=\"http:\/\/ville.montreal.qc.ca\/plateau\/bibliothequedumileend\">Mordecai-Richler Library<\/a>\u00a0\u2013\u00a0fall series<\/h3>\n<p>Series of free talks, one Sunday per month at 2 pm. Presentations in French, bilingual question period<\/p>\n<ul>\n<li>Sunday <strong>30 September<\/strong> at 1 pm, as part of the <a href=\"https:\/\/www.journeesdelaculture.qc.ca\/\">Journ\u00e9es de la culture<\/a>: <a href=\"http:\/\/memoire.mile-end.qc.ca\/journees-de-la-culture-visite-historique-et-litteraire\/\"><strong>Historic and Literary Tour of Mile End<\/strong><\/a> followed by a discussion with Myriam Beaudoin, Saleema Nawaz, L\u00e9a Arthemise, Pierre Anctil, and Chantal Ringuet<\/li>\n<li>Sunday <strong>14 October<\/strong>:\u00a0<strong>Researching and Writing Up Your Family History<\/strong>.\u00a0Presentation by Tracey Arial, Janice Hamilton, and Sandra McHugh of <a href=\" https:\/\/genealogyensemble.com\/\">Genealogy Ensemble<\/a><\/li>\n<li>November: no lecture, but we&#8217;re celebrating our <a href=\"http:\/\/memoire.mile-end.qc.ca\/memoire-du-mile-end-fete-ses-15-ans\/\">15th anniversary<\/a><\/li>\n<li>Sunday <strong>2 December<\/strong>: <strong>Saint-Georges : une \u00ab paroisse ouvri\u00e8re mod\u00e8le \u00bb disparue<\/strong>. Talk by Yves Desjardins<\/li>\n<\/ul>\n<hr \/>\n<h3>Walking Tours 2018<\/h3>\n<p>Mile End Memories is offering nine walking tours in the neighbourhood this year, on a few Sunday afternoons at 2 pm, between 3 June and 30 September. See <a href=\"http:\/\/memoire.mile-end.qc.ca\/visites-a-pied-2018\/\">this page<\/a> for the list of tours and their description.<\/p>\n<hr \/>\n<h3>Talks at the\u00a0<a href=\"http:\/\/ville.montreal.qc.ca\/plateau\/bibliothequedumileend\">Mordecai-Richler Library<\/a>\u00a0\u2013\u00a0winter\u2013spring series<\/h3>\n<p>Series of free talks, one Sunday per month at 2 pm. Presentations in French, bilingual question period<\/p>\n<ul>\n<li>Sunday\u00a0<strong>21 January<\/strong>:\u00a0<a href=\"http:\/\/memoire.mile-end.qc.ca\/dictionnaire-historique-du-plateau-mont-royal-territoires-et-thematiques\/\"><strong>Dictionnaire historique\u00a0du Plateau Mont-Royal :\u00a0territoires et th\u00e9matiques<\/strong><\/a>.\u00a0Round table chaired by Marie Plourde<\/li>\n<li>Sunday\u00a0<strong>18 February<\/strong>: <a href=\"http:\/\/memoire.mile-end.qc.ca\/la-scene-culturelle-du-mile-end-annees-1990\/\"><strong>La sc\u00e8ne culturelle et musicale ind\u00e9pendante du Mile End pendant les ann\u00e9es 1990<\/strong><\/a>. Talk by Louis Rastelli, Archive Montr\u00e9al<\/li>\n<li>Sunday\u00a0<strong>25 March<\/strong>: <a href=\"http:\/\/memoire.mile-end.qc.ca\/made-in-mile-end-fabrique-au-mile-end\/\"><strong>\u00ab Made in Mile End \u00bb, la nouvelle g\u00e9n\u00e9ration des ateliers de confection du quartier<\/strong><\/a>. Round table with fashion artisans and entrepreneurs<\/li>\n<li>Sunday\u00a0<strong>15 April<\/strong>: <a href=\"http:\/\/memoire.mile-end.qc.ca\/un-moment-dans-lhistoire-dun-quartier-le-mile-end-grec\/\"><strong>Un moment dans l&#8217;histoire du quartier : le Mile End grec<\/strong><\/a>. Round table with Immigrec<\/li>\n<\/ul>\n<hr \/>\n<p>Wondering what we&#8217;ve done previously? <a href=\"http:\/\/memoire.mile-end.qc.ca\/calendrier-2017\/\">2017 calendar<\/a> \u2013\u00a0<a href=\"http:\/\/memoire.mile-end.qc.ca\/calendrier-2016\/\">2016 calendar<\/a> \u2013\u00a0<a href=\"http:\/\/memoire.mile-end.qc.ca\/calendrier-2015\/\">2015 calendar<\/a><\/p>\n<p>For previous years, consult our annual reports of activities (PDF, about 4 MB each).<\/p>\n<p><a href=\"http:\/\/memoire.mile-end.qc.ca\/wp-content\/uploads\/MME-rapport2014.pdf\">2014<\/a>\u00a0\u2022\u00a0<a href=\"http:\/\/memoire.mile-end.qc.ca\/wp-content\/uploads\/MME-rapport2013.pdf\">2013<\/a>\u00a0\u2022\u00a0<a href=\"http:\/\/memoire.mile-end.qc.ca\/wp-content\/uploads\/MME-rapport2012.pdf\">2012<\/a><\/p>","protected":false},"excerpt":{"rendered":"<p>Upcoming Activities in 2018 Note: the calendar is subject to change. Usually, activities will be confirmed by an article on this web site, in an email newsletter (click here\u00a0to subscribe), and on\u00a0Facebook. Talks at the\u00a0Mordecai-Richler Library\u00a0\u2013\u00a0fall series Series of free talks, one Sunday per month at 2 pm. Presentations in French, bilingual question period Sunday [&hellip;]<\/p>\n","protected":false},"author":3,"featured_media":0,"parent":5785,"menu_order":0,"comment_status":"closed","ping_status":"closed","template":"","meta":[],"_links":{"self":[{"href":"http:\/\/memoire.mile-end.qc.ca\/en\/wp-json\/wp\/v2\/pages\/4300"}],"collection":[{"href":"http:\/\/memoire.mile-end.qc.ca\/en\/wp-json\/wp\/v2\/pages"}],"about":[{"href":"http:\/\/memoire.mile-end.qc.ca\/en\/wp-json\/wp\/v2\/types\/page"}],"author":[{"embeddable":true,"href":"http:\/\/memoire.mile-end.qc.ca\/en\/wp-json\/wp\/v2\/users\/3"}],"replies":[{"embeddable":true,"href":"http:\/\/memoire.mile-end.qc.ca\/en\/wp-json\/wp\/v2\/comments?post=4300"}],"version-history":[{"count":9,"href":"http:\/\/memoire.mile-end.qc.ca\/en\/wp-json\/wp\/v2\/pages\/4300\/revisions"}],"predecessor-version":[{"id":6440,"href":"http:\/\/memoire.mile-end.qc.ca\/en\/wp-json\/wp\/v2\/pages\/4300\/revisions\/6440"}],"up":[{"embeddable":true,"href":"http:\/\/memoire.mile-end.qc.ca\/en\/wp-json\/wp\/v2\/pages\/5785"}],"wp:attachment":[{"href":"http:\/\/memoire.mile-end.qc.ca\/en\/wp-json\/wp\/v2\/media?parent=4300"}],"curies":[{"name":"wp","href":"https:\/\/api.w.org\/{rel}","templated":true}]}}