{"id":6427,"date":"2022-01-30T16:46:45","date_gmt":"2022-01-30T21:46:45","guid":{"rendered":"http:\/\/memoire.mile-end.qc.ca\/?page_id=6427"},"modified":"2024-06-01T15:02:16","modified_gmt":"2024-06-01T19:02:16","slug":"calendrier-2022","status":"publish","type":"page","link":"http:\/\/memoire.mile-end.qc.ca\/en\/calendrier-2\/calendrier-2022\/","title":{"rendered":"2022 Calendar"},"content":{"rendered":"<p><\/p>\n<h2>Activities in 2022<\/h2>\n<p><em>Note<\/em>: the calendar is subject to change. Usually, activities will be confirmed by an article on this web site, in an email newsletter (<!--<a href=\"http:\/\/eepurl.com\/gxA8Dz\">-->click here<!--<\/a>-->\u00a0to subscribe), and on\u00a0<a href=\"https:\/\/www.facebook.com\/memoire.mile.end\">Facebook<\/a>.<\/p>\n<hr \/>\n<h3>Talks at the\u00a0<a href=\"https:\/\/montreal.ca\/lieux\/bibliotheque-mordecai-richler\">Mordecai-Richler Library<\/a><\/h3>\n<p>Series of free talks, upstairs in the multifunction room. Presentations in French, bilingual question period<\/p>\n<h4>Fall Series (past)<\/h4>\n<ul>\n<li><strong>Sunday 9 October<\/strong>, 2 pm \u2013 <a href=\"http:\/\/memoire.mile-end.qc.ca\/gare\/\"><strong>Mod\u00e9lisation de l\u2019ancienne gare Mile End<\/strong><\/a>. Talk given by Justin Bur, Mile End Memories board member. At the library with <a href=\"https:\/\/docs.google.com\/forms\/d\/e\/1FAIpQLSdGt6DeZ7NFIpP85yVSV7wFcU4Cr8ecE4mDT4KQAeNOiifJLg\/viewform\">registration recommended<\/a>; video available afterwards<\/li>\n<li><strong>Sunday 27 November<\/strong>, 2 pm \u2013 <a href=\"http:\/\/memoire.mile-end.qc.ca\/conference-le-chatelet\/\"><strong>L&#8217;histoire de la Coop le Ch\u00e2telet<\/strong><\/a>. Talk given by Pierre-Alain Cotnoir, member of Coop Le Ch\u00e2telet and F\u00e9d\u00e9ration des coop\u00e9ratives d&#8217;habitation intermunicipales du Montr\u00e9al m\u00e9tropolitain (FECHIM) board member. At the library<\/li>\n<li><strong>Sunday 11 December<\/strong>, 2 pm \u2013 <strong> <a href=\"http:\/\/memoire.mile-end.qc.ca\/conference-le-long-chemin-aux-urnes\/\">Le long chemin aux urnes. La lutte pour le droit de vote des femmes au Qu\u00e9bec<\/a><\/strong>. Talk given by Melanie Leavitt, Mile End Memories board member. At the library<\/li>\n<\/ul>\n<h4>Winter Series (past)<\/h4>\n<ul>\n<li>Sunday 20 February, 2 pm \u2013 <a href=\"http:\/\/memoire.mile-end.qc.ca\/histoire-et-defense-du-patrimoine-archives-citoyennes\/\"><strong>Histoire et d\u00e9fense du patrimoine\u00a0: archives citoyennes<\/strong><\/a>. Round table with Claudine Schirardin, Helen Fotopulos, Lorraine Decelles and Sherry Simon. <strong>Online activity<\/strong> with <a href=\"https:\/\/docs.google.com\/forms\/d\/e\/1FAIpQLScwUxAixMGxbA2tKp0lvouyj7DyMMBu8Z-5VYo6BuhMeylqdA\/viewform?usp=sf_link\">registration required<\/a>.<\/li>\n<li>Sunday 13 March, 2 pm \u2013 <a href=\"http:\/\/memoire.mile-end.qc.ca\/conference-a-la-recherche-du-mile-end-irlandais\/\"><strong>In search of Irish Mile End<\/strong><\/a>. Talk given by Justin Bur. At the library with <a href=\"https:\/\/forms.gle\/wErqBdm7MXk9ALeT7\">registration required<\/a>; video available afterwards<\/li>\n<li>Sunday 10 April, 2 pm \u2013 <strong><a href=\"http:\/\/memoire.mile-end.qc.ca\/conference-lavenue-du-parc-a-travers-le-temps\/\">L&#8217;avenue du Parc \u00e0 travers le temps<\/a><\/strong>. Talk given by Yves Desjardins. At the library with <a href=\"https:\/\/forms.gle\/vLjebuQkjA4zhNWA9\">registration recommended<\/a>; video available afterwards<\/li>\n<\/ul>\n<hr \/>\n<h3>Walking Tours 2022<\/h3>\n<p>Mile End Memories is pleased to resume its usual walking tours on a variety of themes.<br \/>\n<!--\n\n\n<h4>Postponed<\/h4>\n\n\n\n\n<ul>\n \t\n\n<li>in 2022: <strong>Contemporary Jewish Mile End<\/strong><\/li>\n\n\n \t\n\n<li>in 2022: <strong>Performing Arts Schools<\/strong> \u2013 from courthouse to playhouse and beyond<\/li>\n\n\n<\/ul>\n\n\n--><\/p>\n<h4>Past<\/h4>\n<ul>\n<li>Sunday 8 May 2022 : Jane&#8217;s Walk \u2013 <!--<a href=\"https:\/\/promenades.ecologieurbaine.net\/promenades\/montreals-park-avenue-this-aint-manhattan-but-we-love-it-anyway\/\">--><strong>Montreal&#8217;s Park Avenue: This Ain&#8217;t Manhattan, but We Love it Anyway!<\/strong> (full)(date changed)<\/li>\n<li>Saturday 25 June 2022, 1:30 pm:\u00a0<strong><a href=\"http:\/\/memoire.mile-end.qc.ca\/visite-a-pied-a-la-recherche-du-mile-end-irlandais\/\">Irish Mile End<\/a>\u00a0<\/strong><\/li>\n<li>Saturday 16 July 2022, 2:30 pm: <a href=\"http:\/\/memoire.mile-end.qc.ca\/visite-a-pied-le-mile-end-avant-et-apres\/\"><strong>Mile End then and now<\/strong><\/a><\/li>\n<li>Saturday 1 October 2022, 2:00 pm:\u00a0<strong><a href=\"http:\/\/memoire.mile-end.qc.ca\/visite-litteraire-du-mile-end-2022\/\">Mile End Literary Tour<\/a>\u00a0<\/strong><\/li>\n<\/ul>\n<hr \/>\n<p>Wondering what we&#8217;ve done previously? <a href=\"\/calendrier-2021\/\">2021 calendar<\/a> \u2013\u00a0<a href=\"\/calendrier-2020\/\">2020 calendar<\/a> \u2013\u00a0<a href=\"\/calendrier-2019\/\">2019 calendar<\/a> \u2013\u00a0<a href=\"\/calendrier-2018\/\">2018 calendar<\/a> \u2013\u00a0<a href=\"\/calendrier-2017\/\">2017 calendar<\/a> \u2013\u00a0<a href=\"\/calendrier-2016\/\">2016 calendar<\/a> \u2013\u00a0<a href=\"\/calendrier-2015\/\">2015 calendar<\/a><\/p>\n<p>For previous years, consult our annual reports of activities (PDF, about 4 MB each).<\/p>\n<p><a href=\"\/wp-content\/uploads\/MME-rapport2014.pdf\">2014<\/a>\u00a0\u2022\u00a0<a href=\"\/wp-content\/uploads\/MME-rapport2013.pdf\">2013<\/a>\u00a0\u2022\u00a0<a href=\"\/wp-content\/uploads\/MME-rapport2012.pdf\">2012<\/a><\/p>\n<p>Summary of activities, <a href=\"http:\/\/memoire.mile-end.qc.ca\/origines-activites-2002-2009\/\">2002\u20132009<\/a><\/p>","protected":false},"excerpt":{"rendered":"<p>Activities in 2022 Note: the calendar is subject to change. Usually, activities will be confirmed by an article on this web site, in an email newsletter (click here\u00a0to subscribe), and on\u00a0Facebook. Talks at the\u00a0Mordecai-Richler Library Series of free talks, upstairs in the multifunction room. Presentations in French, bilingual question period Fall Series (past) Sunday 9 [&hellip;]<\/p>\n","protected":false},"author":3,"featured_media":0,"parent":5785,"menu_order":0,"comment_status":"closed","ping_status":"closed","template":"","meta":[],"_links":{"self":[{"href":"http:\/\/memoire.mile-end.qc.ca\/en\/wp-json\/wp\/v2\/pages\/6427"}],"collection":[{"href":"http:\/\/memoire.mile-end.qc.ca\/en\/wp-json\/wp\/v2\/pages"}],"about":[{"href":"http:\/\/memoire.mile-end.qc.ca\/en\/wp-json\/wp\/v2\/types\/page"}],"author":[{"embeddable":true,"href":"http:\/\/memoire.mile-end.qc.ca\/en\/wp-json\/wp\/v2\/users\/3"}],"replies":[{"embeddable":true,"href":"http:\/\/memoire.mile-end.qc.ca\/en\/wp-json\/wp\/v2\/comments?post=6427"}],"version-history":[{"count":3,"href":"http:\/\/memoire.mile-end.qc.ca\/en\/wp-json\/wp\/v2\/pages\/6427\/revisions"}],"predecessor-version":[{"id":6436,"href":"http:\/\/memoire.mile-end.qc.ca\/en\/wp-json\/wp\/v2\/pages\/6427\/revisions\/6436"}],"up":[{"embeddable":true,"href":"http:\/\/memoire.mile-end.qc.ca\/en\/wp-json\/wp\/v2\/pages\/5785"}],"wp:attachment":[{"href":"http:\/\/memoire.mile-end.qc.ca\/en\/wp-json\/wp\/v2\/media?parent=6427"}],"curies":[{"name":"wp","href":"https:\/\/api.w.org\/{rel}","templated":true}]}}