{"id":18,"date":"2009-08-01T00:05:26","date_gmt":"2009-08-01T04:05:26","guid":{"rendered":"http:\/\/www.mile-end.qc.ca\/?page_id=18"},"modified":"2024-06-01T14:06:20","modified_gmt":"2024-06-01T18:06:20","slug":"contact","status":"publish","type":"page","link":"http:\/\/memoire.mile-end.qc.ca\/fr\/qui-sommes-nous\/contact\/","title":{"rendered":"Nous joindre"},"content":{"rendered":"<p>Pour vous abonner \u00e0 notre infolettre par courriel, <a href=\"https:\/\/dashboard.mailerlite.com\/forms\/383944\/84085558188442980\/share\">cliquez ici<\/a>.<\/p>\n<p>Si vous avez des questions ou des commentaires sur nos activit\u00e9s ou sur notre organisme,<br \/>\nmerci de nous \u00e9crire \u00e0 l&#8217;adresse <a href=\"mailto:info@mile-end.qc.ca\">info@mile-end.qc.ca<\/a>.<\/p>\n<p>Si vous aimeriez vous impliquer dans la planification de nos activit\u00e9s, veuillez exprimer votre int\u00e9r\u00eat de vive voix en parlant \u00e0 un membre du conseil d&#8217;administration lors d&#8217;un de nos \u00e9v\u00e9nements.<\/p>\n<p>Aussi, pensez \u00e0 <a href=\"http:\/\/memoire.mile-end.qc.ca\/qui-sommes-nous\/devenir-membre-actif\/\">devenir membre actif<\/a>.<\/p>","protected":false},"excerpt":{"rendered":"<p>Pour vous abonner \u00e0 notre infolettre par courriel, cliquez ici. Si vous avez des questions ou des commentaires sur nos activit\u00e9s ou sur notre organisme, merci de nous \u00e9crire \u00e0 l&#8217;adresse info@mile-end.qc.ca. Si vous aimeriez vous impliquer dans la planification de nos activit\u00e9s, veuillez exprimer votre int\u00e9r\u00eat de vive voix en parlant \u00e0 un membre [&hellip;]<\/p>\n","protected":false},"author":3,"featured_media":0,"parent":6,"menu_order":0,"comment_status":"open","ping_status":"closed","template":"","meta":[],"_links":{"self":[{"href":"http:\/\/memoire.mile-end.qc.ca\/fr\/wp-json\/wp\/v2\/pages\/18"}],"collection":[{"href":"http:\/\/memoire.mile-end.qc.ca\/fr\/wp-json\/wp\/v2\/pages"}],"about":[{"href":"http:\/\/memoire.mile-end.qc.ca\/fr\/wp-json\/wp\/v2\/types\/page"}],"author":[{"embeddable":true,"href":"http:\/\/memoire.mile-end.qc.ca\/fr\/wp-json\/wp\/v2\/users\/3"}],"replies":[{"embeddable":true,"href":"http:\/\/memoire.mile-end.qc.ca\/fr\/wp-json\/wp\/v2\/comments?post=18"}],"version-history":[{"count":21,"href":"http:\/\/memoire.mile-end.qc.ca\/fr\/wp-json\/wp\/v2\/pages\/18\/revisions"}],"predecessor-version":[{"id":6426,"href":"http:\/\/memoire.mile-end.qc.ca\/fr\/wp-json\/wp\/v2\/pages\/18\/revisions\/6426"}],"up":[{"embeddable":true,"href":"http:\/\/memoire.mile-end.qc.ca\/fr\/wp-json\/wp\/v2\/pages\/6"}],"wp:attachment":[{"href":"http:\/\/memoire.mile-end.qc.ca\/fr\/wp-json\/wp\/v2\/media?parent=18"}],"curies":[{"name":"wp","href":"https:\/\/api.w.org\/{rel}","templated":true}]}}