{"id":3399,"date":"2015-12-25T00:50:15","date_gmt":"2015-12-25T05:50:15","guid":{"rendered":"http:\/\/memoire.mile-end.qc.ca\/?page_id=3399"},"modified":"2022-01-30T16:47:50","modified_gmt":"2022-01-30T21:47:50","slug":"calendrier-2016","status":"publish","type":"page","link":"http:\/\/memoire.mile-end.qc.ca\/fr\/calendrier-2\/calendrier-2016\/","title":{"rendered":"Calendrier 2016"},"content":{"rendered":"<p><\/p>\n<h2>Activit\u00e9s organis\u00e9es\u00a0en 2016<\/h2>\n<p>Sauf indication contraire, les visites \u00e0 pied sont offertes \u00e0 la base d\u2019une contribution volontaire (suggestion : 10\u00a0$) et il n\u2019est pas n\u00e9cessaire de s\u2019inscrire \u00e0 l\u2019avance. Les conf\u00e9rences et discussions sont gratuites.<\/p>\n<h3><a href=\"http:\/\/memoire.mile-end.qc.ca\/lancement-de-la-carte-interactive-du-mile-end\/\">Lancement<\/a> de la <a href=\"http:\/\/memoire.mile-end.qc.ca\/carte\/\">carte interactive et historique<\/a><\/h3>\n<ul>\n<li>jeudi 1er d\u00e9cembre, 17 h, au th\u00e9\u00e2tre Rialto, 5723 avenue du Parc<\/li>\n<li>Pr\u00e9sentation de Nathalie Tremblay sur l&#8217;histoire du Rialto; visite guid\u00e9e de l&#8217;\u00e9difice avec le propri\u00e9taire Ezio Carosielli; pr\u00e9sentation de la carte historique par Justin Bur<\/li>\n<\/ul>\n<h3>Conf\u00e9rences \u00e0\u00a0la\u00a0<a href=\"http:\/\/ville.montreal.qc.ca\/plateau\/bibliothequedumileend\">Biblioth\u00e8que Mordecai-Richler<\/a>\u00a0\u2013 s\u00e9rie d&#8217;automne<\/h3>\n<p>S\u00e9rie de conf\u00e9rences gratuites, un dimanche par mois \u00e0 14 h<\/p>\n<ul>\n<li>Dimanche <strong>11 septembre<\/strong>\u00a0:\u00a0<a href=\"http:\/\/memoire.mile-end.qc.ca\/visite-et-conference-patrimoine-religieux\/\"><strong>Iconographie de l&#8217;ancienne \u00e9glise de l&#8217;Ascension<\/strong><\/a>, par Kevin Cohalan, membre du conseil d&#8217;administration de la <a href=\"http:\/\/histoireplateau.org\/\">Soci\u00e9t\u00e9 d&#8217;histoire du Plateau Mont-Royal<\/a><\/li>\n<li>Dimanche <strong>23\u00a0octobre<\/strong>\u00a0: La <a href=\"http:\/\/memoire.mile-end.qc.ca\/conference-histoire-symbolisme-et-identite-des-synagogues\/\"><strong>symbolique des synagogues du Mile End<\/strong><\/a>, par Sara Ferdman Tauben, auteure du livre <a href=\"http:\/\/www.vehiculepress.com\/q.php?EAN=9781550653168\"><em>Traces of the Past: Montreal&#8217;s Early Synagogues<\/em><\/a>.<\/li>\n<li>Dimanche <strong>18 d\u00e9cembre<\/strong>\u00a0: <strong><a href=\"http:\/\/memoire.mile-end.qc.ca\/conference-le-chemin-de-fer-du-canadien-pacifique-et-le-mile-end\/\">Le chemin de fer du Canadien Pacifique et le Mile End<\/a>,<\/strong>\u00a0par Justin Bur.<\/li>\n<\/ul>\n<h3><a href=\"http:\/\/memoire.mile-end.qc.ca\/lhistoire-au-marche-des-possibles-edition-2016\/\">L&#8217;histoire<\/a> au March\u00e9 des Possibles<\/h3>\n<p>Visites \u00e0 pied au d\u00e9part du <a href=\"http:\/\/marchedespossibles.com\/\">March\u00e9 des Possibles<\/a>, pr\u00e8s de l&#8217;intersection des rues Bernard et Saint-Dominique (cherchez notre table). Contribution volontaire.<br \/>\nLa conf\u00e9rence du 8 juillet eut\u00a0lieu sur la sc\u00e8ne du march\u00e9. Gratuit.<\/p>\n<ul>\n<li>samedi 2 juillet, 14 h : <strong>L&#8217;esprit du Mile End<\/strong> (Joshua Wolfe et Yves Desjardins)<\/li>\n<li>vendredi 8 juillet, 20 h 30 : <i>Conf\u00e9rence<\/i> \u2013 <strong>Le pass\u00e9 du quartier aux alentours du March\u00e9 des Possibles<\/strong> (Justin Bur)<\/li>\n<li>samedi 16 juillet, 14 h : <strong>Des manufactures aux ateliers d&#8217;artiste, les m\u00e9tamorphoses de l&#8217;est du Mile End<\/strong> (Alice Miquet)<\/li>\n<li>samedi 30 juillet, 14 h : <strong>\u00c0 la recherche du Mile End perdu<\/strong> (Yves Desjardins)<\/li>\n<li>samedi 6 ao\u00fbt, 14 h : <strong>Des manufactures aux ateliers d&#8217;artiste, les m\u00e9tamorphoses de l&#8217;est du Mile End<\/strong> (Alice Miquet)<\/li>\n<\/ul>\n<h3>Autres visites \u00e0 pied cet \u00e9t\u00e9<\/h3>\n<ul>\n<li>dimanche 24 juillet : <strong>Jardins comestibles du Mile End<\/strong>. (Mich\u00e8le Pontbriand, Nathalie Tremblay et Joshua Wolfe)<\/li>\n<li>samedi 13 ao\u00fbt, 14 h : <a href=\"http:\/\/memoire.mile-end.qc.ca\/nos-visites-a-pied-du-mois-daout\/\"><strong>La crois\u00e9e des trois cultures<\/strong><\/a>. D\u00e9part du parc Lahaie. (Joshua Wolfe et Yves Desjardins)<\/li>\n<li>dimanche 11\u00a0septembre, 14 h : <a href=\"http:\/\/memoire.mile-end.qc.ca\/nos-visites-a-pied-du-mois-daout\/\"><strong>Le patrimoine religieux du Mile End<\/strong><\/a>. D\u00e9part du parc Lahaie. (Joshua Wolfe et Yves Desjardins)<\/li>\n<\/ul>\n<h3>Journ\u00e9e Le Mile End en fleurs<\/h3>\n<ul>\n<li>Samedi 28 mai : Visite \u00e0 pied <a href=\"http:\/\/memoire.mile-end.qc.ca\/visite-a-pied-des-immeubles-du-mile-end-se-racontent\/\">Des immeubles du Mile End se racontent\u2026<\/a>\u00a0(Mich\u00e8le Pontbriand, Nathalie Tremblay)<\/li>\n<\/ul>\n<h3>Promenade de Jane<\/h3>\n<ul>\n<li>Samedi\u00a0<strong>7 mai<\/strong> et dimanche<strong> 8 mai<\/strong>\u00a0: <a href=\"http:\/\/memoire.mile-end.qc.ca\/promenade-de-jane-les-maisons-du-mile-end\/\">Les maisons du Mile End<\/a>\u00a0(Christine Richard, Justin Bur)<\/li>\n<\/ul>\n<h3>Conf\u00e9rences \u00e0\u00a0la\u00a0<a href=\"http:\/\/ville.montreal.qc.ca\/plateau\/bibliothequedumileend\">Biblioth\u00e8que Mordecai-Richler<\/a>\u00a0\u2013 s\u00e9rie hiver-printemps<\/h3>\n<p>S\u00e9rie de conf\u00e9rences gratuites, un dimanche par mois \u00e0 14 h<\/p>\n<ul>\n<li>Dimanche <strong>31 janvier<\/strong>\u00a0: trouver une nouvelle vocation aux \u00e9difices patrimoniaux repr\u00e9sente toujours un d\u00e9fi. La <strong><a href=\"http:\/\/memoire.mile-end.qc.ca\/conference-leglise-de-lascension-deglise-anglicane-a-bibliotheque-de-quartier\/\">transformation de l&#8217;\u00e9glise de l&#8217;Ascension en biblioth\u00e8que<\/a><\/strong> est consid\u00e9r\u00e9e comme un grand succ\u00e8s. Quelles le\u00e7ons en tirer ? Pr\u00e9sent\u00e9e par Kevin Cohalan, Nathalie Tremblay et Joshua Wolfe.<\/li>\n<li>Dimanche <strong>21 f\u00e9vrier<\/strong>\u00a0: <strong><a href=\"http:\/\/memoire.mile-end.qc.ca\/conference-chasse-au-tresor-urbaine-les-creatrices-livrent-leurs-secrets\/\">Le jeu et le Mile End<\/a><\/strong>. Les jeux participatifs sont de plus en plus populaires. Dans le cadre du Festival\u00a0<a href=\"http:\/\/www.montrealjoue.ca\/\">Montr\u00e9al joue<\/a>, un jeu sera d\u00e9velopp\u00e9 qui fait appel \u00e0 l&#8217;histoire et \u00e0 des personnages du quartier. Venez rencontrer ses conceptrices, Alexia Bh\u00e9reur-Lagounaris et Alice Miquet.<\/li>\n<li>Dimanche <strong>6 mars<\/strong>\u00a0: <strong><a href=\"http:\/\/memoire.mile-end.qc.ca\/conference-les-premiers-20-ans-dimages-de-femmes-des-creatrices-qui-tissent-leur-vie-de-quartier\/\">Les 20 premi\u00e8res ann\u00e9es<\/a> d\u2019<i><a href=\"https:\/\/www.facebook.com\/Images.de.Femmes\">Images de Femmes<\/a><\/i><\/strong>. Des cr\u00e9atrices qui tissent leur vie de quartier. Pr\u00e9sent\u00e9e par les fondatrices Barbara (Bashka) Diakowska-S\u00e9guin et Claudine Schirardin. Accompagn\u00e9es de Marie Cornellier, Kathryn Harvey, Pandora Hobby, entre autres.<\/li>\n<li>Dimanche <strong>10 avril<\/strong>\u00a0: <a href=\"http:\/\/memoire.mile-end.qc.ca\/conference-une-page-dhistoire-oubliee-mile-end-juif-lelection-de-1934-dans-le-quartier-laurier\/\">Une page d\u2019histoire oubli\u00e9e du Mile End juif<\/a>\u00a0: <strong>l&#8217;\u00e9lection de 1934 dans le quartier Laurier<\/strong>. Pr\u00e9sent\u00e9e par Yves Desjardins.<\/li>\n<\/ul>\n<p>&nbsp;<\/p>\n<hr \/>\n<p>&nbsp;<\/p>\n<p>Vous vouliez savoir ce qu&#8217;on a fait dans le pass\u00e9\u00a0? <a href=\"http:\/\/memoire.mile-end.qc.ca\/calendrier-2015\/\">calendrier 2015<\/a><\/p>\n<p>Pour les ann\u00e9es pr\u00e9c\u00e9dentes, voir nos rapports annuels d\u2019activit\u00e9s (PDF, environ 4 Mo chacun).<\/p>\n<p><a href=\"http:\/\/memoire.mile-end.qc.ca\/wp-content\/uploads\/MME-rapport2014.pdf\">2014<\/a>\u00a0\u2022\u00a0<a href=\"http:\/\/memoire.mile-end.qc.ca\/wp-content\/uploads\/MME-rapport2013.pdf\">2013<\/a>\u00a0\u2022\u00a0<a href=\"http:\/\/memoire.mile-end.qc.ca\/wp-content\/uploads\/MME-rapport2012.pdf\">2012<\/a><\/p>","protected":false},"excerpt":{"rendered":"<p>Activit\u00e9s organis\u00e9es\u00a0en 2016 Sauf indication contraire, les visites \u00e0 pied sont offertes \u00e0 la base d\u2019une contribution volontaire (suggestion : 10\u00a0$) et il n\u2019est pas n\u00e9cessaire de s\u2019inscrire \u00e0 l\u2019avance. Les conf\u00e9rences et discussions sont gratuites. Lancement de la carte interactive et historique jeudi 1er d\u00e9cembre, 17 h, au th\u00e9\u00e2tre Rialto, 5723 avenue du Parc [&hellip;]<\/p>\n","protected":false},"author":3,"featured_media":0,"parent":5785,"menu_order":0,"comment_status":"closed","ping_status":"closed","template":"","meta":[],"_links":{"self":[{"href":"http:\/\/memoire.mile-end.qc.ca\/fr\/wp-json\/wp\/v2\/pages\/3399"}],"collection":[{"href":"http:\/\/memoire.mile-end.qc.ca\/fr\/wp-json\/wp\/v2\/pages"}],"about":[{"href":"http:\/\/memoire.mile-end.qc.ca\/fr\/wp-json\/wp\/v2\/types\/page"}],"author":[{"embeddable":true,"href":"http:\/\/memoire.mile-end.qc.ca\/fr\/wp-json\/wp\/v2\/users\/3"}],"replies":[{"embeddable":true,"href":"http:\/\/memoire.mile-end.qc.ca\/fr\/wp-json\/wp\/v2\/comments?post=3399"}],"version-history":[{"count":22,"href":"http:\/\/memoire.mile-end.qc.ca\/fr\/wp-json\/wp\/v2\/pages\/3399\/revisions"}],"predecessor-version":[{"id":4003,"href":"http:\/\/memoire.mile-end.qc.ca\/fr\/wp-json\/wp\/v2\/pages\/3399\/revisions\/4003"}],"up":[{"embeddable":true,"href":"http:\/\/memoire.mile-end.qc.ca\/fr\/wp-json\/wp\/v2\/pages\/5785"}],"wp:attachment":[{"href":"http:\/\/memoire.mile-end.qc.ca\/fr\/wp-json\/wp\/v2\/media?parent=3399"}],"curies":[{"name":"wp","href":"https:\/\/api.w.org\/{rel}","templated":true}]}}