{"id":4300,"date":"2018-01-16T20:56:15","date_gmt":"2018-01-17T01:56:15","guid":{"rendered":"http:\/\/memoire.mile-end.qc.ca\/?page_id=4300"},"modified":"2024-06-01T15:05:25","modified_gmt":"2024-06-01T19:05:25","slug":"calendrier-2018","status":"publish","type":"page","link":"http:\/\/memoire.mile-end.qc.ca\/fr\/calendrier-2\/calendrier-2018\/","title":{"rendered":"Calendrier 2018"},"content":{"rendered":"<p><\/p>\n<h2>Activit\u00e9s \u00e0 venir en 2018<\/h2>\n<p><em>Attention<\/em>\u00a0: le calendrier est publi\u00e9 sous r\u00e9serve de changements. En g\u00e9n\u00e9ral, les activit\u00e9s seront confirm\u00e9es par un article sur ce site web, dans un bulletin envoy\u00e9 par courriel (<!--<a href=\"https:\/\/my.sendinblue.com\/users\/subscribe\/js_id\/2jgn0\/id\/1\">-->cliquez ici<!--<\/a>-->\u00a0pour vous abonner), et sur\u00a0<a href=\"https:\/\/www.facebook.com\/memoire.mile.end\">Facebook<\/a>.<\/p>\n<hr \/>\n<h3>Conf\u00e9rences \u00e0\u00a0la\u00a0<a href=\"http:\/\/ville.montreal.qc.ca\/plateau\/bibliothequedumileend\">Biblioth\u00e8que Mordecai-Richler<\/a>\u00a0\u2013 s\u00e9rie d&#8217;automne<\/h3>\n<p>S\u00e9rie de conf\u00e9rences gratuites, un dimanche par mois \u00e0 14 h<\/p>\n<ul>\n<li>Dimanche <strong>30 septembre<\/strong> \u00e0 13 h, dans le cadre des <a href=\"https:\/\/www.journeesdelaculture.qc.ca\/\">Journ\u00e9es de la culture<\/a> : <a href=\"http:\/\/memoire.mile-end.qc.ca\/journees-de-la-culture-visite-historique-et-litteraire\/\"><strong>Visite historique et litt\u00e9raire du Mile End<\/strong><\/a> suivie d&#8217;une discussion avec Myriam Beaudoin, Saleema Nawaz, L\u00e9a Arthemise, Pierre Anctil, et Chantal Ringuet<\/li>\n<li>Dimanche <strong>14 octobre<\/strong>\u00a0:\u00a0<strong>Rechercher et \u00e9crire son histoire familiale<\/strong>.\u00a0Pr\u00e9sentation par Tracey Arial, Janice Hamilton, et Sandra McHugh de <a href=\" https:\/\/genealogyensemble.com\/\">Genealogy Ensemble<\/a><\/li>\n<li>Novembre\u00a0: rel\u00e2che pour notre <a href=\"http:\/\/memoire.mile-end.qc.ca\/memoire-du-mile-end-fete-ses-15-ans\/\">f\u00eate de 15e anniversaire<\/a><\/li>\n<li>Dimanche <strong>2 d\u00e9cembre<\/strong> : <strong>Saint-Georges : une \u00ab paroisse ouvri\u00e8re mod\u00e8le \u00bb disparue<\/strong>. Conf\u00e9rence d&#8217;Yves Desjardins<\/li>\n<\/ul>\n<hr \/>\n<h3>Visites \u00e0 pied 2018<\/h3>\n<p>M\u00e9moire du Mile End offre cette ann\u00e9e neuf visites \u00e0 pied dans le quartier, certains dimanches apr\u00e8s-midi \u00e0 14 h, entre le 3 juin et le 30 septembre. Voir <a href=\"http:\/\/memoire.mile-end.qc.ca\/visites-a-pied-2018\/\">cette page<\/a> pour la liste des visites et leur description.<\/p>\n<hr \/>\n<h3>Conf\u00e9rences \u00e0\u00a0la\u00a0<a href=\"http:\/\/ville.montreal.qc.ca\/plateau\/bibliothequedumileend\">Biblioth\u00e8que Mordecai-Richler<\/a>\u00a0\u2013 s\u00e9rie hiver\u2013printemps<\/h3>\n<p>S\u00e9rie de conf\u00e9rences gratuites, un dimanche par mois \u00e0 14 h<\/p>\n<ul>\n<li>Dimanche <strong>21 janvier<\/strong>\u00a0:\u00a0<a href=\"http:\/\/memoire.mile-end.qc.ca\/dictionnaire-historique-du-plateau-mont-royal-territoires-et-thematiques\/\"><strong>Dictionnaire historique\u00a0du Plateau Mont-Royal :\u00a0territoires et th\u00e9matiques<\/strong><\/a>.\u00a0Table ronde anim\u00e9e par Marie Plourde<\/li>\n<li>Dimanche <strong>18 f\u00e9vrier<\/strong> : <a href=\"http:\/\/memoire.mile-end.qc.ca\/la-scene-culturelle-du-mile-end-annees-1990\/\"><strong>La sc\u00e8ne culturelle et musicale ind\u00e9pendante du Mile End pendant les ann\u00e9es 1990<\/strong><\/a>. Conf\u00e9rence de Louis Rastelli, Archive Montr\u00e9al<\/li>\n<li>Dimanche <strong>25 mars<\/strong>\u00a0: <a href=\"http:\/\/memoire.mile-end.qc.ca\/made-in-mile-end-fabrique-au-mile-end\/\"><strong>\u00ab Made in Mile End \u00bb, la nouvelle g\u00e9n\u00e9ration des ateliers de confection du quartier<\/strong><\/a>. Table ronde avec des artisanes et entrepreneures du v\u00eatement<\/li>\n<li>Dimanche <strong>15 avril<\/strong>\u00a0: <a href=\"http:\/\/memoire.mile-end.qc.ca\/un-moment-dans-lhistoire-dun-quartier-le-mile-end-grec\/\"><strong>Un moment dans l&#8217;histoire du quartier : le Mile End grec<\/strong><\/a>. Table ronde avec Immigrec<\/li>\n<\/ul>\n<hr \/>\n<p>Vous vouliez savoir ce qu&#8217;on a fait auparavant\u00a0? <a href=\"http:\/\/memoire.mile-end.qc.ca\/calendrier-2017\/\">calendrier 2017<\/a> \u2013\u00a0<a href=\"http:\/\/memoire.mile-end.qc.ca\/calendrier-2016\/\">calendrier 2016<\/a>\u00a0\u2013\u00a0<a href=\"http:\/\/memoire.mile-end.qc.ca\/calendrier-2015\/\">calendrier 2015<\/a><\/p>\n<p>Pour les ann\u00e9es pr\u00e9c\u00e9dentes, voir nos rapports annuels d\u2019activit\u00e9s (PDF, environ 4 Mo chacun).<\/p>\n<p><a href=\"http:\/\/memoire.mile-end.qc.ca\/wp-content\/uploads\/MME-rapport2014.pdf\">2014<\/a>\u00a0\u2022\u00a0<a href=\"http:\/\/memoire.mile-end.qc.ca\/wp-content\/uploads\/MME-rapport2013.pdf\">2013<\/a>\u00a0\u2022\u00a0<a href=\"http:\/\/memoire.mile-end.qc.ca\/wp-content\/uploads\/MME-rapport2012.pdf\">2012<\/a><\/p>","protected":false},"excerpt":{"rendered":"<p>Activit\u00e9s \u00e0 venir en 2018 Attention\u00a0: le calendrier est publi\u00e9 sous r\u00e9serve de changements. En g\u00e9n\u00e9ral, les activit\u00e9s seront confirm\u00e9es par un article sur ce site web, dans un bulletin envoy\u00e9 par courriel (cliquez ici\u00a0pour vous abonner), et sur\u00a0Facebook. Conf\u00e9rences \u00e0\u00a0la\u00a0Biblioth\u00e8que Mordecai-Richler\u00a0\u2013 s\u00e9rie d&#8217;automne S\u00e9rie de conf\u00e9rences gratuites, un dimanche par mois \u00e0 14 h [&hellip;]<\/p>\n","protected":false},"author":3,"featured_media":0,"parent":5785,"menu_order":0,"comment_status":"closed","ping_status":"closed","template":"","meta":[],"_links":{"self":[{"href":"http:\/\/memoire.mile-end.qc.ca\/fr\/wp-json\/wp\/v2\/pages\/4300"}],"collection":[{"href":"http:\/\/memoire.mile-end.qc.ca\/fr\/wp-json\/wp\/v2\/pages"}],"about":[{"href":"http:\/\/memoire.mile-end.qc.ca\/fr\/wp-json\/wp\/v2\/types\/page"}],"author":[{"embeddable":true,"href":"http:\/\/memoire.mile-end.qc.ca\/fr\/wp-json\/wp\/v2\/users\/3"}],"replies":[{"embeddable":true,"href":"http:\/\/memoire.mile-end.qc.ca\/fr\/wp-json\/wp\/v2\/comments?post=4300"}],"version-history":[{"count":9,"href":"http:\/\/memoire.mile-end.qc.ca\/fr\/wp-json\/wp\/v2\/pages\/4300\/revisions"}],"predecessor-version":[{"id":6440,"href":"http:\/\/memoire.mile-end.qc.ca\/fr\/wp-json\/wp\/v2\/pages\/4300\/revisions\/6440"}],"up":[{"embeddable":true,"href":"http:\/\/memoire.mile-end.qc.ca\/fr\/wp-json\/wp\/v2\/pages\/5785"}],"wp:attachment":[{"href":"http:\/\/memoire.mile-end.qc.ca\/fr\/wp-json\/wp\/v2\/media?parent=4300"}],"curies":[{"name":"wp","href":"https:\/\/api.w.org\/{rel}","templated":true}]}}