{"id":5662,"date":"2021-09-10T21:24:46","date_gmt":"2021-09-11T01:24:46","guid":{"rendered":"http:\/\/memoire.mile-end.qc.ca\/?page_id=5662"},"modified":"2024-06-01T15:03:07","modified_gmt":"2024-06-01T19:03:07","slug":"calendrier-2021","status":"publish","type":"page","link":"http:\/\/memoire.mile-end.qc.ca\/fr\/calendrier-2\/calendrier-2021\/","title":{"rendered":"Calendrier 2021"},"content":{"rendered":"<p><\/p>\n<h2>Activit\u00e9s \u00e0 venir en 2021<\/h2>\n<p><em>Attention<\/em>\u00a0: le calendrier est publi\u00e9 sous r\u00e9serve de changements. En g\u00e9n\u00e9ral, les activit\u00e9s seront confirm\u00e9es par un article sur ce site web, dans un bulletin envoy\u00e9 par courriel (<!--<a href=\"http:\/\/eepurl.com\/gxA8Dz\">-->cliquez ici<!--<\/a>-->\u00a0pour vous abonner), et sur\u00a0<a href=\"https:\/\/www.facebook.com\/memoire.mile.end\">Facebook<\/a>.<\/p>\n<hr \/>\n<h3>Visites \u00e0 pied 2021<\/h3>\n<p>M\u00e9moire du Mile End renoue avec sa tradition d&#8217;offrir des visites \u00e0 pied du quartier sur une vari\u00e9t\u00e9 de th\u00e8mes.<\/p>\n<ul>\n<li>vendredi 29 octobre, 16 h : <a href=\"http:\/\/memoire.mile-end.qc.ca\/visite-a-pied-a-la-recherche-du-mile-end-irlandais\/\"><strong>Le Mile End irlandais <\/strong><\/a><\/li>\n<li>dimanche 1er ao\u00fbt, 13 h : <a href=\"http:\/\/memoire.mile-end.qc.ca\/visite-a-pied-les-luttes-du-mile-end\/\"><strong>Les luttes du Mile End<\/strong><\/a><\/li>\n<li>dimanche 26 septembre, 14 h : <a href=\"http:\/\/memoire.mile-end.qc.ca\/visite-litteraire-du-mile-end-2021\/\"><strong>Visite litt\u00e9raire du Mile End<\/strong><\/a><\/li>\n<li>dimanche 3 octobre, 13 h : <a href=\"http:\/\/memoire.mile-end.qc.ca\/visite-a-pied-les-luttes-du-mile-end\/\"><strong>Les luttes du Mile End<\/strong><\/a> (suppl\u00e9mentaire)<\/li>\n<li>en 2022 : <strong>Le Mile End juif contemporain<\/strong><\/li>\n<li>en 2022 : <strong>Les \u00e9coles des arts de la sc\u00e8ne<\/strong><\/li>\n<\/ul>\n<hr \/>\n<h3>Conf\u00e9rences \u00e0 la\u00a0<a href=\"http:\/\/ville.montreal.qc.ca\/plateau\/bibliothequedumileend\">biblioth\u00e8que Mordecai-Richler<\/a> du Mile End\u00a0\u2013\u00a0s\u00e9rie\u00a0d&#8217;automne<\/h3>\n<p>S\u00e9rie de conf\u00e9rences gratuites, dans la salle multifonctionnelle \u00e0 l&#8217;\u00e9tage de la biblioth\u00e8que.<\/p>\n<ul>\n<li>Dimanche 21 novembre, 14h \u2013 <strong>Le Mile End avant et apr\u00e8s<\/strong>. L\u2019\u00e9volution et les transformations d\u2019\u00e9difices iconiques du quartier au fil du temps. Conf\u00e9rence donn\u00e9e par Nathalie Tremblay, architecte et administratrice de M\u00e9moire du Mile End.<\/li>\n<li>Dimanche 12 d\u00e9cembre, 14 h \u2013 <strong>De tailleur de pierre \u00e0 casseur de pierre<\/strong> : le travail dans les carri\u00e8res de pierre de Montr\u00e9al. Conf\u00e9rence donn\u00e9e par Guy Gaudreau. \u2013 <a href=\"http:\/\/liremaville.com\">liremaville.com<\/a><\/li>\n<\/ul>\n<hr \/>\n<p>Vous vouliez savoir ce qu&#8217;on a fait auparavant\u00a0? <a href=\"http:\/\/memoire.mile-end.qc.ca\/calendrier-2020\/\">calendrier 2020<\/a> \u2013 <a href=\"http:\/\/memoire.mile-end.qc.ca\/calendrier-2019\/\">calendrier 2019<\/a> \u2013\u00a0<a href=\"\/calendrier-2018\/\">calendrier 2018<\/a> \u2013\u00a0<a href=\"\/calendrier-2017\/\">calendrier 2017<\/a> \u2013\u00a0<a href=\"\/calendrier-2016\/\">calendrier 2016<\/a>\u00a0\u2013\u00a0<a href=\"\/calendrier-2015\/\">calendrier 2015<\/a><\/p>\n<p>Pour les ann\u00e9es pr\u00e9c\u00e9dentes, voir nos rapports annuels d\u2019activit\u00e9s (PDF, environ 4 Mo chacun).<\/p>\n<p><a href=\"\/wp-content\/uploads\/MME-rapport2014.pdf\">2014<\/a>\u00a0\u2022\u00a0<a href=\"\/wp-content\/uploads\/MME-rapport2013.pdf\">2013<\/a>\u00a0\u2022\u00a0<a href=\"\/wp-content\/uploads\/MME-rapport2012.pdf\">2012<\/a><\/p>\n<p>R\u00e9sum\u00e9 des activit\u00e9s, <a href=\"http:\/\/memoire.mile-end.qc.ca\/origines-activites-2002-2009\/\">2002\u20132009<\/a><\/p>","protected":false},"excerpt":{"rendered":"<p>Activit\u00e9s \u00e0 venir en 2021 Attention\u00a0: le calendrier est publi\u00e9 sous r\u00e9serve de changements. En g\u00e9n\u00e9ral, les activit\u00e9s seront confirm\u00e9es par un article sur ce site web, dans un bulletin envoy\u00e9 par courriel (cliquez ici\u00a0pour vous abonner), et sur\u00a0Facebook. Visites \u00e0 pied 2021 M\u00e9moire du Mile End renoue avec sa tradition d&#8217;offrir des visites \u00e0 [&hellip;]<\/p>\n","protected":false},"author":3,"featured_media":0,"parent":5785,"menu_order":0,"comment_status":"closed","ping_status":"closed","template":"","meta":[],"_links":{"self":[{"href":"http:\/\/memoire.mile-end.qc.ca\/fr\/wp-json\/wp\/v2\/pages\/5662"}],"collection":[{"href":"http:\/\/memoire.mile-end.qc.ca\/fr\/wp-json\/wp\/v2\/pages"}],"about":[{"href":"http:\/\/memoire.mile-end.qc.ca\/fr\/wp-json\/wp\/v2\/types\/page"}],"author":[{"embeddable":true,"href":"http:\/\/memoire.mile-end.qc.ca\/fr\/wp-json\/wp\/v2\/users\/3"}],"replies":[{"embeddable":true,"href":"http:\/\/memoire.mile-end.qc.ca\/fr\/wp-json\/wp\/v2\/comments?post=5662"}],"version-history":[{"count":11,"href":"http:\/\/memoire.mile-end.qc.ca\/fr\/wp-json\/wp\/v2\/pages\/5662\/revisions"}],"predecessor-version":[{"id":6437,"href":"http:\/\/memoire.mile-end.qc.ca\/fr\/wp-json\/wp\/v2\/pages\/5662\/revisions\/6437"}],"up":[{"embeddable":true,"href":"http:\/\/memoire.mile-end.qc.ca\/fr\/wp-json\/wp\/v2\/pages\/5785"}],"wp:attachment":[{"href":"http:\/\/memoire.mile-end.qc.ca\/fr\/wp-json\/wp\/v2\/media?parent=5662"}],"curies":[{"name":"wp","href":"https:\/\/api.w.org\/{rel}","templated":true}]}}