{"id":5742,"date":"2021-12-03T12:57:12","date_gmt":"2021-12-03T17:57:12","guid":{"rendered":"http:\/\/memoire.mile-end.qc.ca\/?page_id=5742"},"modified":"2024-06-03T19:47:15","modified_gmt":"2024-06-03T23:47:15","slug":"devenir-membre-actif","status":"publish","type":"page","link":"http:\/\/memoire.mile-end.qc.ca\/fr\/qui-sommes-nous\/devenir-membre-actif\/","title":{"rendered":"Devenir membre actif"},"content":{"rendered":"<p>Pensez \u00e0 devenir membre actif\u00a0: cela ne co\u00fbte que 10 $ par ann\u00e9e. Les membres du conseil d&#8217;administration sont recrut\u00e9s parmi les membres actifs. Notez que M\u00e9moire du Mile End ne publie pas de bulletin; tous nos r\u00e9sultats de recherche sont publi\u00e9s sur ce site web.<\/p>\n<p><a class=\"btn btn-primary fp-button\" title=\"Formulaire membre\" href=\"https:\/\/forms.gle\/ncguyTrTUk4NYNeh9\">Devenir membre actif<\/a><\/p>\n<p><b>Note\u00a0:<\/b> Si vous voulez vous abonner \u00e0 notre infolettre par courriel, cliquez plut\u00f4t sur l&#8217;ic\u00f4ne enveloppe dans la banni\u00e8re en pied de page, \u00e0 gauche des ic\u00f4nes de m\u00e9dias sociaux.<\/p>","protected":false},"excerpt":{"rendered":"<p>Pensez \u00e0 devenir membre actif\u00a0: cela ne co\u00fbte que 10 $ par ann\u00e9e. Les membres du conseil d&#8217;administration sont recrut\u00e9s parmi les membres actifs. Notez que M\u00e9moire du Mile End ne publie pas de bulletin; tous nos r\u00e9sultats de recherche sont publi\u00e9s sur ce site web. Devenir membre actif Note\u00a0: Si vous voulez vous abonner [&hellip;]<\/p>\n","protected":false},"author":2,"featured_media":0,"parent":6,"menu_order":0,"comment_status":"open","ping_status":"closed","template":"","meta":[],"_links":{"self":[{"href":"http:\/\/memoire.mile-end.qc.ca\/fr\/wp-json\/wp\/v2\/pages\/5742"}],"collection":[{"href":"http:\/\/memoire.mile-end.qc.ca\/fr\/wp-json\/wp\/v2\/pages"}],"about":[{"href":"http:\/\/memoire.mile-end.qc.ca\/fr\/wp-json\/wp\/v2\/types\/page"}],"author":[{"embeddable":true,"href":"http:\/\/memoire.mile-end.qc.ca\/fr\/wp-json\/wp\/v2\/users\/2"}],"replies":[{"embeddable":true,"href":"http:\/\/memoire.mile-end.qc.ca\/fr\/wp-json\/wp\/v2\/comments?post=5742"}],"version-history":[{"count":3,"href":"http:\/\/memoire.mile-end.qc.ca\/fr\/wp-json\/wp\/v2\/pages\/5742\/revisions"}],"predecessor-version":[{"id":6446,"href":"http:\/\/memoire.mile-end.qc.ca\/fr\/wp-json\/wp\/v2\/pages\/5742\/revisions\/6446"}],"up":[{"embeddable":true,"href":"http:\/\/memoire.mile-end.qc.ca\/fr\/wp-json\/wp\/v2\/pages\/6"}],"wp:attachment":[{"href":"http:\/\/memoire.mile-end.qc.ca\/fr\/wp-json\/wp\/v2\/media?parent=5742"}],"curies":[{"name":"wp","href":"https:\/\/api.w.org\/{rel}","templated":true}]}}