{"id":6,"date":"2009-01-20T18:35:28","date_gmt":"2009-01-20T23:35:28","guid":{"rendered":"http:\/\/www.mile-end.qc.ca\/fr\/?page_id=6"},"modified":"2025-08-31T23:41:40","modified_gmt":"2025-09-01T03:41:40","slug":"qui-sommes-nous","status":"publish","type":"page","link":"http:\/\/memoire.mile-end.qc.ca\/fr\/qui-sommes-nous\/","title":{"rendered":"Qui sommes-nous ?"},"content":{"rendered":"<p><strong><i>M\u00e9moire du Mile End et de La Main<\/i><\/strong> est une soci\u00e9t\u00e9 d\u2019histoire locale engag\u00e9e. Nous offrons au public des cl\u00e9s de lecture du pass\u00e9 pour mieux s\u2019impliquer aujourd\u2019hui dans la vie du quartier.\u00a0En compl\u00e9ment de nos travaux sur l\u2019histoire du quartier, nous animons des discussions avec des acteurs impliqu\u00e9s dans les enjeux actuels\u00a0comme l\u2019acc\u00e8s au logement, la conservation des ateliers d\u2019artistes, la mise en valeur du patrimoine architectural, et la promotion de la diversit\u00e9 culturelle.<\/p>\n<p>Depuis 2003, nous offrons chaque \u00e9t\u00e9 une programmation de <a href=\"\/?cat=5&amp;lang=fr\">visites comment\u00e9es \u00e0 pied<\/a> et chaque hiver une <a href=\"\/?cat=3&amp;lang=fr\">s\u00e9rie de conf\u00e9rences mensuelles<\/a> \u00e0 la <a href=\"http:\/\/ville.montreal.qc.ca\/plateau\/bibliothequedumileend\">Biblioth\u00e8que Mordecai-Richler, quartier du Mile End<\/a> sur une vari\u00e9t\u00e9 de th\u00e8mes. Nos recherches originales sur l\u2019histoire du quartier alimentent les conf\u00e9rences, les visites, et ce site web, avec sa <a href=\"\/carte\/\">carte interactive<\/a> permettant de d\u00e9couvrir les histoires de nombreux \u00e9difices.\u00a0En 2017 ont paru deux livres int\u00e9grant nos recherches,\u00a0<em><a href=\"https:\/\/www.septentrion.qc.ca\/catalogue\/histoire-du-mile-end\">Histoire du Mile End<\/a><\/em>\u00a0d&#8217;Yves Desjardins (Septentrion) et le <em><a href=\"https:\/\/ecosociete.org\/livres\/dictionnaire-historique-du-plateau-mont-royal\">Dictionnaire historique du Plateau-Mont-Royal<\/a><\/em>, par Justin Bur, Yves Desjardins, Jean-Claude Robert, Bernard Vall\u00e9e, et Joshua Wolfe (\u00c9cosoci\u00e9t\u00e9).<\/p>\n<p>Nous collaborons souvent avec nos coll\u00e8gues de la <em><a href=\"http:\/\/histoireplateau.org\">Soci\u00e9t\u00e9 d&#8217;histoire du Plateau-Mont-Royal<\/a><\/em> et avec d\u2019autres groupes communautaires comme le <em><a href=\"https:\/\/citoyensmileend.com\">Comit\u00e9 des citoyens du Mile End<\/a><\/em> et les <em><a href=\"http:\/\/amisduchamp.com\">Amis du Champ des possibles<\/a><\/em>; et nous sommes pr\u00e9sents aux <i><a href=\"https:\/\/www.promenadesdejane.com\">Promenades de Jane<\/a>,<\/i> aux <i><a href=\"http:\/\/journeesdelaculture.qc.ca\">Journ\u00e9es de la Culture<\/a>,<\/i> au <em><a href=\"http:\/\/festivalphenomena.com\">Festival Ph\u00e9nomena<\/a><\/em>, \u00e0 <em>Mile End en fleurs<\/em>, et au <a href=\"http:\/\/www.marchedespossibles.com\/\"><i>March\u00e9 des Possibles<\/i><\/a>. En collaboration, nous avons organis\u00e9 deux \u00e9v\u00e9nements lors des F\u00eates du 375<sup>e<\/sup> de Montr\u00e9al, <em><a href=\"http:\/\/viaduc375.mile-end.qc.ca\">Viaduc 375<\/a><\/em> et une <a href=\"\/25-visites-guidees-pour-decouvrir-lhistoire-du-plateau-mont-royal-du-14-mai-au-29-octobre-2017\/\">s\u00e9rie de 25 visites \u00e0 pied<\/a> sur le Plateau. La biblioth\u00e8que n&#8217;est pas seulement notre salle de conf\u00e9rences mais aussi un partenaire pour des activit\u00e9s litt\u00e9raires comme la <em><a href=\"\/journees-de-la-culture-visite-historique-et-litteraire\/\">Visite historique et litt\u00e9raire<\/a><\/em> (inaugur\u00e9e lors du festival <a href=\"http:\/\/metropolisbleu.org\"><em>M\u00e9tropolis bleu<\/em><\/a> en 2015) et la <a href=\"\/?p=3093&amp;lang=fr\"><i>Biblioth\u00e8que vivante<\/i><\/a> \u2013 une journ\u00e9e d&#8217;\u00e9changes d&#8217;histoire orale tenue en 2013 et 2015.<\/p>\n<p>En novembre 2018, la d\u00e9put\u00e9e de Mercier, Ruba Ghazal, a d\u00e9cern\u00e9 \u00e0 M\u00e9moire du Mile End une <a href=\"http:\/\/www.assnat.qc.ca\/fr\/abc-assemblee\/assemblee-nationale\/medailles-assemblee-nationale\/index.html#assemblee\">M\u00e9daille de l&#8217;Assembl\u00e9e nationale<\/a>\u00a0en reconnaissance de son engagement \u00e0 nourrir notre m\u00e9moire collective.<\/p>\n<hr \/>\n<p>Le <strong>Mile End<\/strong> est l\u2019un des quartiers embl\u00e9matiques de la diversit\u00e9 et de la cr\u00e9ativit\u00e9 montr\u00e9alaise. Au cours de ses deux cents ans d\u2019histoire, ce secteur s\u2019est renouvel\u00e9 sans cesse. On peut dire que la seule constante dans son histoire, c\u2019est le changement. Connu au d\u00e9but du 19<sup>e<\/sup> si\u00e8cle pour ses carri\u00e8res de pierre grise utilis\u00e9e dans la construction des grands \u00e9difices du Vieux-Montr\u00e9al, le Mile End est un endroit pour prendre un verre \u00e0 l\u2019auberge d\u00e8s 1810 et pour assister aux courses de chevaux. La premi\u00e8re \u00e9glise, celle de Saint-Enfant-J\u00e9sus, est inaugur\u00e9e \u00e0 No\u00ebl 1858. Le chemin de fer qui traverse le secteur est ouvert en 1876, bien s\u00fbr avec une gare du Mile End. Le village de Saint-Louis-du-Mile-End est incorpor\u00e9 en 1878, devient ville Saint-Louis en 1895, et fusionne avec Montr\u00e9al le 1<sup>er<\/sup> janvier 1910.<\/p>\n<p>Quartier de petites maisons ouvri\u00e8res autant que de grandes demeures bourgeoises, d\u2019un vaste terrain des expositions, d\u2019importantes usines de confection de v\u00eatements ou de fabrication de pianos, d\u2019ateliers de tramways et de cours \u00e0 bois, le Mile End du d\u00e9but du 20<sup>e<\/sup> si\u00e8cle est un lieu dynamique et vari\u00e9. D\u00e9j\u00e0 partag\u00e9 entre francophones et anglophones, catholiques et protestants, le quartier devient le haut lieu de la communaut\u00e9 juive montr\u00e9alaise pendant une trentaine d\u2019ann\u00e9es avant d\u2019\u00eatre habit\u00e9 par les Montr\u00e9alais d\u2019origine italienne, grecque, portugaise et autres. Il est aliment\u00e9 par le boulevard Saint-Laurent, la <i>Main<\/i> de Montr\u00e9al et du Mile End, reconnu <a href=\"http:\/\/www.pc.gc.ca\/apps\/dfhd\/page_nhs_fra.aspx?id=1771\">lieu historique national du Canada<\/a> depuis 1996. Apr\u00e8s une p\u00e9riode difficile dans les ann\u00e9es 1960 et 1970, le quartier s\u2019est repris en main pour devenir un milieu de vie harmonieux, insolite, artistique, musical, convivial, \u00e9nergique, \u00e0 l\u2019image de la grande ville de Montr\u00e9al.<\/p>\n<hr \/>\n<p>Partenaire du <a href=\"http:\/\/lhpm.uqam.ca\">Laboratoire d\u2019histoire et de patrimoine de Montr\u00e9al<\/a> <a href=\"http:\/\/uqam.ca\">(UQAM)<\/a><\/p>\n<p>Membre de la <a href=\"http:\/\/www.histoirequebec.qc.ca\">F\u00e9d\u00e9ration des soci\u00e9t\u00e9s d\u2019histoire du Qu\u00e9bec<\/a><\/p>\n<p>Membre du <a href=\"http:\/\/qahn.org\/fr\">R\u00e9seau du patrimoine anglophone du Qu\u00e9bec<\/a><\/p>\n<hr \/>\n<p>M\u00e9moire du Mile End a \u00e9t\u00e9 fond\u00e9e en 2003 comme association; parmi les fondateurs \u00e9taient Susan Bronson, Janis Zubalik, et Aldo Marchini. En 2011 a eu lieu son incorporation comme organisme \u00e0 but non lucratif.<\/p>\n<p>M\u00e9moire du Mile End et de La Main est cr\u00e9\u00e9 en juillet 2024 par la fusion de M\u00e9moire du Mile End et des <a href=\"http:\/\/amisboulevardstlaurent.com\/\">Amis du boulevard Saint-Laurent<\/a>.<\/p>\n<p>Les administrateurs actuels sont un petit groupe de passionn\u00e9s du quartier ayant une vari\u00e9t\u00e9 de formations\u00a0: urbanisme, architecture, histoire, journalisme, litt\u00e9rature, philosophie et enseignement. En 2025\u20132026, les administrateurs sont Pierre Anctil, Justin Bur, Jacques Desjardins, Yves Desjardins, Melanie Leavitt, Mich\u00e8le Pontbriand, Nathalie Tremblay, et Joshua Wolfe.<\/p>\n<p>R\u00e9visions majeures de cette page\u00a0: janvier 2015; novembre 2018<\/p>","protected":false},"excerpt":{"rendered":"<p>M\u00e9moire du Mile End et de La Main est une soci\u00e9t\u00e9 d\u2019histoire locale engag\u00e9e. Nous offrons au public des cl\u00e9s de lecture du pass\u00e9 pour mieux s\u2019impliquer aujourd\u2019hui dans la vie du quartier.\u00a0En compl\u00e9ment de nos travaux sur l\u2019histoire du quartier, nous animons des discussions avec des acteurs impliqu\u00e9s dans les enjeux actuels\u00a0comme l\u2019acc\u00e8s au [&hellip;]<\/p>\n","protected":false},"author":3,"featured_media":0,"parent":0,"menu_order":0,"comment_status":"closed","ping_status":"open","template":"","meta":[],"_links":{"self":[{"href":"http:\/\/memoire.mile-end.qc.ca\/fr\/wp-json\/wp\/v2\/pages\/6"}],"collection":[{"href":"http:\/\/memoire.mile-end.qc.ca\/fr\/wp-json\/wp\/v2\/pages"}],"about":[{"href":"http:\/\/memoire.mile-end.qc.ca\/fr\/wp-json\/wp\/v2\/types\/page"}],"author":[{"embeddable":true,"href":"http:\/\/memoire.mile-end.qc.ca\/fr\/wp-json\/wp\/v2\/users\/3"}],"replies":[{"embeddable":true,"href":"http:\/\/memoire.mile-end.qc.ca\/fr\/wp-json\/wp\/v2\/comments?post=6"}],"version-history":[{"count":27,"href":"http:\/\/memoire.mile-end.qc.ca\/fr\/wp-json\/wp\/v2\/pages\/6\/revisions"}],"predecessor-version":[{"id":6710,"href":"http:\/\/memoire.mile-end.qc.ca\/fr\/wp-json\/wp\/v2\/pages\/6\/revisions\/6710"}],"wp:attachment":[{"href":"http:\/\/memoire.mile-end.qc.ca\/fr\/wp-json\/wp\/v2\/media?parent=6"}],"curies":[{"name":"wp","href":"https:\/\/api.w.org\/{rel}","templated":true}]}}