{"id":6427,"date":"2022-01-30T16:46:45","date_gmt":"2022-01-30T21:46:45","guid":{"rendered":"http:\/\/memoire.mile-end.qc.ca\/?page_id=6427"},"modified":"2024-06-01T15:02:16","modified_gmt":"2024-06-01T19:02:16","slug":"calendrier-2022","status":"publish","type":"page","link":"http:\/\/memoire.mile-end.qc.ca\/fr\/calendrier-2\/calendrier-2022\/","title":{"rendered":"Calendrier 2022"},"content":{"rendered":"<p><\/p>\n<h2>Activit\u00e9s en 2022<\/h2>\n<p><em>Attention<\/em>\u00a0: le calendrier est publi\u00e9 sous r\u00e9serve de changements. En g\u00e9n\u00e9ral, les activit\u00e9s seront confirm\u00e9es par un article sur ce site web, dans un bulletin envoy\u00e9 par courriel (<!--<a href=\"http:\/\/eepurl.com\/gxA8Dz\">-->cliquez ici<!--<\/a>-->\u00a0pour vous abonner), et sur\u00a0<a href=\"https:\/\/www.facebook.com\/memoire.mile.end\">Facebook<\/a>.<\/p>\n<hr \/>\n<h3>Conf\u00e9rences \u00e0 la\u00a0<a href=\"https:\/\/montreal.ca\/lieux\/bibliotheque-mordecai-richler\">biblioth\u00e8que Mordecai-Richler<\/a> du Mile End<\/h3>\n<p>S\u00e9rie de conf\u00e9rences gratuites, dans la salle multifonctionnelle \u00e0 l&#8217;\u00e9tage de la biblioth\u00e8que.<\/p>\n<h4>S\u00e9rie\u00a0d&#8217;automne (pass\u00e9e)<\/h4>\n<ul>\n<li><strong>Dimanche 9 octobre<\/strong>, 14 h \u2013 <a href=\"http:\/\/memoire.mile-end.qc.ca\/gare\/\"><strong>Mod\u00e9lisation de l\u2019ancienne gare Mile End<\/strong><\/a>. Conf\u00e9rence donn\u00e9e par Justin Bur, administrateur de M\u00e9moire du Mile End. En pr\u00e9sence \u00e0 la biblioth\u00e8que, <a href=\"https:\/\/docs.google.com\/forms\/d\/e\/1FAIpQLSdGt6DeZ7NFIpP85yVSV7wFcU4Cr8ecE4mDT4KQAeNOiifJLg\/viewform\">inscription recommand\u00e9e<\/a>; vid\u00e9o disponible par la suite<\/li>\n<li><strong>Dimanche 27 novembre<\/strong>, 14 h \u2013 <a href=\"http:\/\/memoire.mile-end.qc.ca\/conference-le-chatelet\/\"><strong>L&#8217;histoire de la Coop le Ch\u00e2telet<\/strong><\/a>. Conf\u00e9rence donn\u00e9e par Pierre-Alain Cotnoir, membre de la Coop Le Ch\u00e2telet et administrateur \u00e0 la F\u00e9d\u00e9ration des coop\u00e9ratives d&#8217;habitation intermunicipales du Montr\u00e9al m\u00e9tropolitain (FECHIM). En pr\u00e9sence \u00e0 la biblioth\u00e8que<\/li>\n<li><strong>Dimanche 11 d\u00e9cembre<\/strong>, 14 h \u2013 <strong> <a href=\"http:\/\/memoire.mile-end.qc.ca\/conference-le-long-chemin-aux-urnes\/\">Le long chemin aux urnes. La lutte pour le droit de vote des femmes au Qu\u00e9bec<\/a><\/strong>. Conf\u00e9rence donn\u00e9e par Melanie Leavitt, administratrice de M\u00e9moire du Mile End. En pr\u00e9sence \u00e0 la biblioth\u00e8que<\/li>\n<\/ul>\n<h4>S\u00e9rie\u00a0d&#8217;hiver (pass\u00e9e)<\/h4>\n<ul>\n<li>Dimanche 20 f\u00e9vrier, 14h \u2013 <a href=\"http:\/\/memoire.mile-end.qc.ca\/histoire-et-defense-du-patrimoine-archives-citoyennes\/\"><strong>Histoire et d\u00e9fense du patrimoine\u00a0: archives citoyennes<\/strong><\/a>. Table ronde avec Claudine Schirardin, Helen Fotopulos, Lorraine Decelles et Sherry Simon. Activit\u00e9 virtuelle\u00a0<strong>en ligne<\/strong> avec <a href=\"https:\/\/docs.google.com\/forms\/d\/e\/1FAIpQLScwUxAixMGxbA2tKp0lvouyj7DyMMBu8Z-5VYo6BuhMeylqdA\/viewform?usp=sf_link\">inscription obligatoire<\/a>.<\/li>\n<li>Dimanche 13 mars, 14 h \u2013 <a href=\"http:\/\/memoire.mile-end.qc.ca\/conference-a-la-recherche-du-mile-end-irlandais\/\"><strong>\u00c0 la recherche du Mile End irlandais<\/strong><\/a>. Conf\u00e9rence donn\u00e9e par Justin Bur. En pr\u00e9sence \u00e0 la biblioth\u00e8que, <a href=\"https:\/\/forms.gle\/wErqBdm7MXk9ALeT7\">inscription obligatoire<\/a>; vid\u00e9o disponible par la suite<\/li>\n<li>Dimanche 10 avril, 14 h \u2013 <strong><a href=\"http:\/\/memoire.mile-end.qc.ca\/conference-lavenue-du-parc-a-travers-le-temps\/\">L&#8217;avenue du Parc \u00e0 travers le temps<\/a><\/strong>. Conf\u00e9rence donn\u00e9e par Yves Desjardins. En pr\u00e9sence \u00e0 la biblioth\u00e8que, <a href=\"https:\/\/forms.gle\/vLjebuQkjA4zhNWA9\">inscription recommand\u00e9e<\/a>; vid\u00e9o disponible par la suite<\/li>\n<\/ul>\n<hr \/>\n<h3>Visites \u00e0 pied 2022<\/h3>\n<p>M\u00e9moire du Mile End renoue avec sa tradition d&#8217;offrir des visites \u00e0 pied du quartier sur une vari\u00e9t\u00e9 de th\u00e8mes.<br \/>\n<!--\n\n\n<h4>Report\u00e9es<\/h4>\n\n\n\n\n<ul>\n \t\n\n<li>en 2022 : <strong>Le Mile End juif contemporain<\/strong><\/li>\n\n\n \t\n\n<li>en 2022 : <strong>Les \u00e9coles des arts de la sc\u00e8ne<\/strong><\/li>\n\n\n<\/ul>\n\n\n--><\/p>\n<h4>Pass\u00e9es<\/h4>\n<ul>\n<li>7 et 8 mai 2022 : Promenades de Jane \u2013 <strong>L&#8217;avenue du Parc: toute croche, mais avec une \u00e2me!<\/strong> \u2013 <a href=\"https:\/\/promenades.ecologieurbaine.net\/promenades\/avenue-du-parc-toute-croche-mais-avec-une-ame\/\">samedi 7 mai<\/a> \u2013 <a href=\"https:\/\/promenades.ecologieurbaine.net\/promenades\/lavenue-du-parc-toute-croche-mais-avec-une-ame\/\">dimanche 8 mai<\/a><\/li>\n<li>samedi 25 juin 2022, 13 h 30 : <a href=\"http:\/\/memoire.mile-end.qc.ca\/visite-a-pied-a-la-recherche-du-mile-end-irlandais\/\"><strong>Le Mile End irlandais<\/strong><\/a><\/li>\n<li>samedi 16 juillet 2022, 14 h 30 : <a href=\"http:\/\/memoire.mile-end.qc.ca\/visite-a-pied-le-mile-end-avant-et-apres\/\"><strong>Le Mile End avant et apr\u00e8s<\/strong><\/a><\/li>\n<li>samedi 1er octobre 2022, 14 h : <a href=\"http:\/\/memoire.mile-end.qc.ca\/visite-litteraire-du-mile-end-2022\/\"><strong>Visite litt\u00e9raire du Mile End<\/strong><\/a><\/li>\n<\/ul>\n<hr \/>\n<p>Vous vouliez savoir ce qu&#8217;on a fait auparavant\u00a0? <a href=\"http:\/\/memoire.mile-end.qc.ca\/calendrier-2021\/\">calendrier 2021<\/a> \u2013 <a href=\"http:\/\/memoire.mile-end.qc.ca\/calendrier-2020\/\">calendrier 2020<\/a> \u2013 <a href=\"http:\/\/memoire.mile-end.qc.ca\/calendrier-2019\/\">calendrier 2019<\/a> \u2013\u00a0<a href=\"\/calendrier-2018\/\">calendrier 2018<\/a> \u2013\u00a0<a href=\"\/calendrier-2017\/\">calendrier 2017<\/a> \u2013\u00a0<a href=\"\/calendrier-2016\/\">calendrier 2016<\/a>\u00a0\u2013\u00a0<a href=\"\/calendrier-2015\/\">calendrier 2015<\/a><\/p>\n<p>Pour les ann\u00e9es pr\u00e9c\u00e9dentes, voir nos rapports annuels d\u2019activit\u00e9s (PDF, environ 4 Mo chacun).<\/p>\n<p><a href=\"\/wp-content\/uploads\/MME-rapport2014.pdf\">2014<\/a>\u00a0\u2022\u00a0<a href=\"\/wp-content\/uploads\/MME-rapport2013.pdf\">2013<\/a>\u00a0\u2022\u00a0<a href=\"\/wp-content\/uploads\/MME-rapport2012.pdf\">2012<\/a><\/p>\n<p>R\u00e9sum\u00e9 des activit\u00e9s, <a href=\"http:\/\/memoire.mile-end.qc.ca\/origines-activites-2002-2009\/\">2002\u20132009<\/a><\/p>","protected":false},"excerpt":{"rendered":"<p>Activit\u00e9s en 2022 Attention\u00a0: le calendrier est publi\u00e9 sous r\u00e9serve de changements. En g\u00e9n\u00e9ral, les activit\u00e9s seront confirm\u00e9es par un article sur ce site web, dans un bulletin envoy\u00e9 par courriel (cliquez ici\u00a0pour vous abonner), et sur\u00a0Facebook. Conf\u00e9rences \u00e0 la\u00a0biblioth\u00e8que Mordecai-Richler du Mile End S\u00e9rie de conf\u00e9rences gratuites, dans la salle multifonctionnelle \u00e0 l&#8217;\u00e9tage de [&hellip;]<\/p>\n","protected":false},"author":3,"featured_media":0,"parent":5785,"menu_order":0,"comment_status":"closed","ping_status":"closed","template":"","meta":[],"_links":{"self":[{"href":"http:\/\/memoire.mile-end.qc.ca\/fr\/wp-json\/wp\/v2\/pages\/6427"}],"collection":[{"href":"http:\/\/memoire.mile-end.qc.ca\/fr\/wp-json\/wp\/v2\/pages"}],"about":[{"href":"http:\/\/memoire.mile-end.qc.ca\/fr\/wp-json\/wp\/v2\/types\/page"}],"author":[{"embeddable":true,"href":"http:\/\/memoire.mile-end.qc.ca\/fr\/wp-json\/wp\/v2\/users\/3"}],"replies":[{"embeddable":true,"href":"http:\/\/memoire.mile-end.qc.ca\/fr\/wp-json\/wp\/v2\/comments?post=6427"}],"version-history":[{"count":3,"href":"http:\/\/memoire.mile-end.qc.ca\/fr\/wp-json\/wp\/v2\/pages\/6427\/revisions"}],"predecessor-version":[{"id":6436,"href":"http:\/\/memoire.mile-end.qc.ca\/fr\/wp-json\/wp\/v2\/pages\/6427\/revisions\/6436"}],"up":[{"embeddable":true,"href":"http:\/\/memoire.mile-end.qc.ca\/fr\/wp-json\/wp\/v2\/pages\/5785"}],"wp:attachment":[{"href":"http:\/\/memoire.mile-end.qc.ca\/fr\/wp-json\/wp\/v2\/media?parent=6427"}],"curies":[{"name":"wp","href":"https:\/\/api.w.org\/{rel}","templated":true}]}}